
	{"id":191,"date":"2020-07-20T06:05:37","date_gmt":"2020-07-20T06:05:37","guid":{"rendered":"http:\/\/credits-assurances.ch\/?page_id=191"},"modified":"2020-11-05T11:36:24","modified_gmt":"2020-11-05T11:36:24","slug":"payer-moins-dimpots","status":"publish","type":"page","link":"https:\/\/credits-assurances.ch\/pt-pt\/payer-moins-dimpots\/","title":{"rendered":"Pagar menos impotos"},"content":{"rendered":"<div class=\"vce-row-container\"><div class=\"vce-row vce-element--has-background vce-row--col-gap-30 vce-row-columns--top vce-row-content--top\" data-vce-full-width=\"true\" id=\"el-5838dbae\" data-vce-do-apply=\"all el-5838dbae\"><div class=\"vce-content-background-container\"><\/div><div class=\"vce-row-content\" data-vce-element-content=\"true\" style=\"padding-left: 50px; padding-right: 50px;\"><div class=\"vce-col vce-col--md-auto vce-col--xs-1 vce-col--xs-last vce-col--xs-first vce-col--sm-last vce-col--sm-first vce-col--md-last vce-col--lg-last vce-col--xl-last vce-col--md-first vce-col--lg-first vce-col--xl-first\" id=\"el-ebf35498\"><div class=\"vce-col-inner\" data-vce-do-apply=\"border margin background  el-ebf35498\"><div class=\"vce-col-content\" data-vce-element-content=\"true\" data-vce-do-apply=\"padding el-ebf35498\"><div class=\"vce-row-container\"><div class=\"vce-row vce-row--col-gap-30 vce-row-columns--top vce-row-content--top\" id=\"el-6931d1ee\" data-vce-do-apply=\"all el-6931d1ee\"><div class=\"vce-row-content\" data-vce-element-content=\"true\"><div class=\"vce-col vce-col--md-66-66p vce-col--xs-1 vce-col--xs-last vce-col--xs-first vce-col--sm-last vce-col--sm-first vce-col--md-first vce-col--lg-first vce-col--xl-first\" id=\"el-9a99edbc\"><div class=\"vce-col-inner\" data-vce-do-apply=\"border margin background  el-9a99edbc\"><div class=\"vce-col-content\" data-vce-element-content=\"true\" data-vce-do-apply=\"padding el-9a99edbc\"><div class=\"vce-text-block\"><div class=\"vce-text-block-wrapper vce\" id=\"el-1c302639\" data-vce-do-apply=\"all el-1c302639\"><h1>Pagar menos impotos<\/h1><p><span style=\"color: #ffffff;\">AT\u00c9 2'000,00 POUPAN\u00c7AS<\/span><\/p><\/div><\/div><\/div><\/div><\/div><div class=\"vce-col vce-col--md-33-34p vce-col--xs-1 vce-col--xs-last vce-col--xs-first vce-col--sm-last vce-col--sm-first vce-col--md-last vce-col--lg-last vce-col--xl-last\" id=\"el-8676457d\"><div class=\"vce-col-inner\" data-vce-do-apply=\"border margin background  el-8676457d\"><div class=\"vce-col-content\" data-vce-element-content=\"true\" data-vce-do-apply=\"padding el-8676457d\"><\/div><\/div><\/div><\/div><\/div><\/div><\/div><\/div><\/div><\/div><\/div><\/div><div class=\"vce-row-container\"><div class=\"vce-row vce-element--has-background vce-row--col-gap-30 vce-row-columns--top vce-row-content--top\" id=\"el-72deff1e\" data-vce-do-apply=\"all el-72deff1e\"><div class=\"vce-content-background-container\"><\/div><div class=\"vce-row-content\" data-vce-element-content=\"true\"><div class=\"vce-col vce-col--md-auto vce-col--xs-1 vce-col--xs-last vce-col--xs-first vce-col--sm-last vce-col--sm-first vce-col--md-last vce-col--lg-last vce-col--xl-last vce-col--md-first vce-col--lg-first vce-col--xl-first\" id=\"el-35e978bc\"><div class=\"vce-col-inner\" data-vce-do-apply=\"border margin background  el-35e978bc\"><div class=\"vce-col-content\" data-vce-element-content=\"true\" data-vce-do-apply=\"padding el-35e978bc\"><div class=\"vce-text-block\"><div class=\"vce-text-block-wrapper vce\" id=\"el-1d7a6f2a\" data-vce-do-apply=\"all el-1d7a6f2a\"><p style=\"text-align: left;\"><span style=\"font-size: 18pt;\"><strong style=\"text-transform: uppercase;\"> Economize com o Plano Poupan\u00e7a Reforma (3\u00b0pilar) <\/strong><\/span>\n<\/p><\/div><\/div><\/div><\/div><\/div><\/div><\/div><\/div><div class=\"vce-row-container\"><div class=\"vce-row vce-element--has-background vce-row--col-gap-30 vce-row-columns--top vce-row-content--top\" id=\"el-ecc44291\" data-vce-do-apply=\"all el-ecc44291\"><div class=\"vce-content-background-container\"><\/div><div class=\"vce-row-content\" data-vce-element-content=\"true\"><div class=\"vce-col vce-col--md-auto vce-col--xs-1 vce-col--xs-last vce-col--xs-first vce-col--sm-last vce-col--sm-first vce-col--md-first vce-col--lg-first vce-col--xl-first\" id=\"el-73a5ad28\"><div class=\"vce-col-inner\" data-vce-do-apply=\"border margin background  el-73a5ad28\"><div class=\"vce-col-content\" data-vce-element-content=\"true\" data-vce-do-apply=\"padding el-73a5ad28\"><div class=\"vce-shortcode\"><div class=\"vce-shortcode-wrapper vce\" id=\"el-a176a6e1\" data-vce-do-apply=\"all el-a176a6e1\"><div role=\"form\" class=\"wpcf7\" id=\"wpcf7-f660-o1\" lang=\"fr-FR\" dir=\"ltr\">\n<div class=\"screen-reader-response\"><p role=\"status\" aria-live=\"polite\" aria-atomic=\"true\"><\/p> <ul><\/ul><\/div>\n<form action=\"\/pt-pt\/wp-json\/wp\/v2\/pages\/191#wpcf7-f660-o1\" method=\"post\" class=\"wpcf7-form init\" novalidate=\"novalidate\" data-status=\"init\">\n<div style=\"display: none;\">\n<input type=\"hidden\" name=\"_wpcf7\" value=\"660\" \/>\n<input type=\"hidden\" name=\"_wpcf7_version\" value=\"5.4\" \/>\n<input type=\"hidden\" name=\"_wpcf7_locale\" value=\"fr_FR\" \/>\n<input type=\"hidden\" name=\"_wpcf7_unit_tag\" value=\"wpcf7-f660-o1\" \/>\n<input type=\"hidden\" name=\"_wpcf7_container_post\" value=\"0\" \/>\n<input type=\"hidden\" name=\"_wpcf7_posted_data_hash\" value=\"\" \/>\n<input type=\"hidden\" name=\"_wpcf7cf_hidden_group_fields\" value=\"\" \/>\n<input type=\"hidden\" name=\"_wpcf7cf_hidden_groups\" value=\"\" \/>\n<input type=\"hidden\" name=\"_wpcf7cf_visible_groups\" value=\"\" \/>\n<input type=\"hidden\" name=\"_wpcf7cf_repeaters\" value=\"[]\" \/>\n<input type=\"hidden\" name=\"_wpcf7cf_steps\" value=\"{}\" \/>\n<input type=\"hidden\" name=\"_wpcf7cf_options\" value=\"{&quot;form_id&quot;:660,&quot;conditions&quot;:[],&quot;settings&quot;:{&quot;animation&quot;:&quot;yes&quot;,&quot;animation_intime&quot;:200,&quot;animation_outtime&quot;:200,&quot;conditions_ui&quot;:&quot;normal&quot;,&quot;notice_dismissed&quot;:false,&quot;regex_numeric&quot;:&quot;^[0-9]+$&quot;,&quot;regex_alphabetic&quot;:&quot;^[a-zA-Z]+$&quot;,&quot;regex_alphanumeric&quot;:&quot;^[a-zA-Z0-9]+$&quot;,&quot;regex_date&quot;:&quot;^(0?[1-9]|1[012])[- .](0?[1-9]|[12][0-9]|3[01])[- \\\/.](19|20)?[0-9]{2}$&quot;,&quot;regex_email&quot;:&quot;^[a-zA-Z0-9._%-]+@[a-zA-Z0-9.-]+.[a-zA-Z]{2,4}$&quot;,&quot;regex_numeric_label&quot;:&quot;numeric&quot;,&quot;regex_alphabetic_label&quot;:&quot;alphabetic&quot;,&quot;regex_alphanumeric_label&quot;:&quot;alphanumeric&quot;,&quot;regex_date_label&quot;:&quot;date&quot;,&quot;regex_email_label&quot;:&quot;email&quot;,&quot;regex_custom_1&quot;:&quot;&quot;,&quot;regex_custom_2&quot;:&quot;&quot;,&quot;regex_custom_3&quot;:&quot;&quot;,&quot;regex_custom_4&quot;:&quot;&quot;,&quot;regex_custom_5&quot;:&quot;&quot;,&quot;regex_custom_1_label&quot;:&quot;custom 1&quot;,&quot;regex_custom_2_label&quot;:&quot;custom 2&quot;,&quot;regex_custom_3_label&quot;:&quot;custom 3&quot;,&quot;regex_custom_4_label&quot;:&quot;custom 4&quot;,&quot;regex_custom_5_label&quot;:&quot;custom 5&quot;}}\" \/>\n<\/div>\n<div class=\"container\">\n<div class=\"row\">\n<div class=\"col-sm-12 col-md-6 mb-20\">\n<label>Voc\u00ea \u00e9<span style=\"color:#FF0000\">*<\/span><br \/>\n    <span class=\"wpcf7-form-control-wrap titre-civilite\"><select name=\"titre-civilite\" class=\"wpcf7-form-control wpcf7-select wpcf7-validates-as-required\" aria-required=\"true\" aria-invalid=\"false\"><option value=\"\">---<\/option><option value=\"Senhora\">Senhora<\/option><option value=\"Senhor\">Senhor<\/option><\/select><\/span><\/label>\n<\/div>\n<div class=\"col-sm-12 col-md-6 mb-20\">\n<label>Nome<span style=\"color:#FF0000\">*<\/span><br \/>\n    <span class=\"wpcf7-form-control-wrap your-name\"><input type=\"text\" name=\"your-name\" value=\"\" size=\"40\" class=\"wpcf7-form-control wpcf7-text wpcf7-validates-as-required\" aria-required=\"true\" aria-invalid=\"false\" \/><\/span> <\/label>\n<\/div>\n<div class=\"col-sm-12 col-md-6 mb-20\">\n<label> Data de nascimento<br \/>\n    <span class=\"wpcf7-form-control-wrap birthday\"><input type=\"text\" name=\"birthday\" value=\"\" size=\"40\" class=\"wpcf7-form-control wpcf7-text\" aria-invalid=\"false\" \/><\/span> <\/label>\n<\/div>\n<div class=\"col-sm-12 col-md-6 mb-20\">\n<label>Telefone\/Telem\u00f3vel<span style=\"color:#FF0000\">*<\/span><br \/>\n    <span class=\"wpcf7-form-control-wrap your-phone\"><input type=\"text\" name=\"your-phone\" value=\"\" size=\"40\" class=\"wpcf7-form-control wpcf7-text wpcf7-validates-as-required\" aria-required=\"true\" aria-invalid=\"false\" \/><\/span> <\/label>\n<\/div>\n<div class=\"col-sm-12 mb-20\">\n<label> Morada completa<span style=\"color:#FF0000\">*<\/span><br \/>\n    <span class=\"wpcf7-form-control-wrap address\"><input type=\"text\" name=\"address\" value=\"\" size=\"40\" class=\"wpcf7-form-control wpcf7-text wpcf7-validates-as-required\" aria-required=\"true\" aria-invalid=\"false\" \/><\/span> <\/label>\n<\/div>\n<\/div>\n<div class=\"row\">\n<div class=\"col-sm-12 mb-20\">\n<label>E-mail<span style=\"color:#FF0000\">*<\/span><br \/>\n    <span class=\"wpcf7-form-control-wrap your-email\"><input type=\"email\" name=\"your-email\" value=\"\" size=\"40\" class=\"wpcf7-form-control wpcf7-text wpcf7-email wpcf7-validates-as-required wpcf7-validates-as-email\" aria-required=\"true\" aria-invalid=\"false\" \/><\/span> <\/label>\n<\/div>\n<div class=\"col-sm-12 mb-20\">\n<label>Mensagem<br \/>\n    <span class=\"wpcf7-form-control-wrap your-message\"><textarea name=\"your-message\" cols=\"40\" rows=\"10\" class=\"wpcf7-form-control wpcf7-textarea\" aria-invalid=\"false\"><\/textarea><\/span> <\/label>\n<\/div>\n<div class=\"col-sm-12\">\n<div class=\"anr_captcha_field\"><div id=\"anr_captcha_field_1\" class=\"anr_captcha_field_div\"><input type=\"hidden\" name=\"g-recaptcha-response\" value=\"\" \/><\/div><\/div><span class=\"wpcf7-form-control-wrap g-recaptcha-response\"><\/span><br \/>\n<input type=\"submit\" value=\"Enviar\" class=\"wpcf7-form-control wpcf7-submit\" \/>\n<\/div>\n<\/div>\n<\/div>\n<div class=\"wpcf7-response-output\" aria-hidden=\"true\"><\/div><\/form><\/div><\/div><\/div><\/div><\/div><\/div><div class=\"vce-col vce-col--md-auto vce-col--xs-1 vce-col--xs-last vce-col--xs-first vce-col--sm-last vce-col--sm-first vce-col--md-last vce-col--lg-last vce-col--xl-last\" id=\"el-f0142cc4\"><div class=\"vce-col-inner\" data-vce-do-apply=\"border margin background  el-f0142cc4\"><div class=\"vce-col-content\" data-vce-element-content=\"true\" data-vce-do-apply=\"padding el-f0142cc4\"><div class=\"vce-single-image-container vce-single-image--align-left\"><div class=\"vce vce-single-image-wrapper\" id=\"el-321b2c70\" data-vce-do-apply=\"all el-321b2c70\"><figure><div class=\"vce-single-image-inner vce-single-image--absolute\" style=\"padding-bottom: 88%; width: 1000px;\"><img class=\"vce-single-image\" width=\"1000\" height=\"880\"src=\"https:\/\/credits-assurances.ch\/wp-content\/uploads\/2020\/11\/conseil-fiscals-1000x880.png\" srcset=\"https:\/\/credits-assurances.ch\/wp-content\/uploads\/2020\/11\/conseil-fiscals-320x282.png 320w,https:\/\/credits-assurances.ch\/wp-content\/uploads\/2020\/11\/conseil-fiscals-480x422.png 480w,https:\/\/credits-assurances.ch\/wp-content\/uploads\/2020\/11\/conseil-fiscals-800x704.png 800w,https:\/\/credits-assurances.ch\/wp-content\/uploads\/2020\/11\/conseil-fiscals-1000x880.png 1000w\" data-img-src=\"https:\/\/credits-assurances.ch\/wp-content\/uploads\/2020\/10\/conseil-fiscals.png\" alt=\"\" title=\"conseil-fiscals\" \/><\/div><figcaption hidden=\"\"><\/figcaption><\/figure><\/div><\/div><\/div><\/div><\/div><\/div><\/div><\/div><div class=\"vce-row-container\"><div class=\"vce-row vce-row--col-gap-30 vce-row-columns--top vce-row-content--top\" id=\"el-1ca15cda\" data-vce-do-apply=\"all el-1ca15cda\"><div class=\"vce-content-background-container\"><\/div><div class=\"vce-row-content\" data-vce-element-content=\"true\"><div class=\"vce-col vce-col--md-auto vce-col--xs-1 vce-col--xs-last vce-col--xs-first vce-col--sm-last vce-col--sm-first vce-col--md-first vce-col--lg-first vce-col--xl-first\" id=\"el-72c562bd\"><div class=\"vce-col-inner\" data-vce-do-apply=\"border margin background  el-72c562bd\"><div class=\"vce-col-content\" data-vce-element-content=\"true\" data-vce-do-apply=\"padding el-72c562bd\"><div class=\"vce-row-container\"><div class=\"vce-row vce-row--col-gap-30 vce-row-columns--top vce-row-content--top\" id=\"el-b8f216b5\" data-vce-do-apply=\"all el-b8f216b5\"><div class=\"vce-row-content\" data-vce-element-content=\"true\"><div class=\"vce-col vce-col--md-auto vce-col--xs-1 vce-col--xs-last vce-col--xs-first vce-col--sm-last vce-col--sm-first vce-col--md-last vce-col--lg-last vce-col--xl-last vce-col--md-first vce-col--lg-first vce-col--xl-first\" id=\"el-ead3a26a\"><div class=\"vce-col-inner\" data-vce-do-apply=\"border margin background  el-ead3a26a\"><div class=\"vce-col-content\" data-vce-element-content=\"true\" data-vce-do-apply=\"padding el-ead3a26a\"><div class=\"vce-single-image-container vce-single-image--align-left\"><div class=\"vce vce-single-image-wrapper\" id=\"el-2cd341bf\" data-vce-do-apply=\"all el-2cd341bf\"><figure><div class=\"vce-single-image-inner vce-single-image--absolute\" style=\"padding-bottom: 70%; width: 600px;\"><img class=\"vce-single-image\" width=\"600\" height=\"420\"src=\"https:\/\/credits-assurances.ch\/wp-content\/uploads\/2020\/11\/ajouter-supe\u0301rieurs-a\u0300-l-architecte-65365271-1-e1602242814212-600x420.jpg\" srcset=\"https:\/\/credits-assurances.ch\/wp-content\/uploads\/2020\/11\/ajouter-supe\u0301rieurs-a\u0300-l-architecte-65365271-1-e1602242814212-320x224.jpg 320w,https:\/\/credits-assurances.ch\/wp-content\/uploads\/2020\/11\/ajouter-supe\u0301rieurs-a\u0300-l-architecte-65365271-1-e1602242814212-480x336.jpg 480w,https:\/\/credits-assurances.ch\/wp-content\/uploads\/2020\/11\/ajouter-supe\u0301rieurs-a\u0300-l-architecte-65365271-1-e1602242814212-600x420.jpg 600w\" data-img-src=\"https:\/\/credits-assurances.ch\/wp-content\/uploads\/2020\/10\/ajouter-supe\u0301rieurs-a\u0300-l-architecte-65365271-1-e1602242814212.jpg\" alt=\"\" title=\"ajouter-supe\u0301rieurs-a\u0300-l-architecte-65365271\" \/><\/div><figcaption hidden=\"\"><\/figcaption><\/figure><\/div><\/div><\/div><\/div><\/div><\/div><\/div><\/div><\/div><\/div><\/div><div class=\"vce-col vce-col--md-auto vce-col--xs-1 vce-col--xs-last vce-col--xs-first vce-col--sm-last vce-col--sm-first vce-col--md-last vce-col--lg-last vce-col--xl-last\" id=\"el-18601f8f\"><div class=\"vce-col-inner\" data-vce-do-apply=\"border margin background  el-18601f8f\"><div class=\"vce-col-content\" data-vce-element-content=\"true\" data-vce-do-apply=\"padding el-18601f8f\"><div class=\"vce-text-block\"><div class=\"vce-text-block-wrapper vce\" id=\"el-7ff3b5ac\" data-vce-do-apply=\"all el-7ff3b5ac\"><h3><span style=\"color: #ffffff; font-weight: bold; text-transform: uppercase;\">FISCALIDADE<\/span><\/h3>\n<p class=\"p1\" style=\"color: #212529; font-size: 16px;\"><span style=\"font-weight: bolder;\"><span style=\"color: #ffffff;\">Economia fiscal<\/span><\/span><\/p>\n<p class=\"p1\" style=\"color: #212529; font-size: 16px;\"><span style=\"color: #ffffff;\">At\u00e9 2'000 fr. de economias de impostos por ano<\/span><\/p><\/div><\/div><div class=\"vce-text-block\"><div class=\"vce-text-block-wrapper vce\" id=\"el-6ef520c3\" data-vce-do-apply=\"all el-6ef520c3\"><h3><span style=\"color: #ffffff; font-weight: bold; text-transform: uppercase;\">PLANO POUPAN\u00c7A REFORMA<\/span><\/h3><p style=\"color: #212529; font-size: 16px;\"><span style=\"font-weight: bolder;\"><span style=\"color: #ffffff;\">3\u00b0 pilar - 3a e 3b<\/span><\/span><\/p><ul style=\"padding-left: 15px;\"><li style=\"color: #ffffff;\">At\u00e9 fr. 2'000 de economias de impostos por ano<\/li><li style=\"color: #ffffff;\">Melhor reforma<\/li><li style=\"color: #ffffff;\">Prote\u00e7\u00e3o familiar<\/li><li style=\"color: #ffffff;\">Compra de casa mais f\u00e1cil<\/li><\/ul><\/div><\/div><\/div><\/div><\/div><\/div><\/div><\/div>\n","protected":false},"excerpt":{"rendered":"<p>Pagar menos impotosAT\u00c9 2&#8217;000,00 POUPAN\u00c7AS Economize com o Plano Poupan\u00e7a Reforma (3\u00b0pilar) FISCALIDADE Economia fiscal At\u00e9 2&#8217;000 fr. de economias de impostos por anoPLANO POUPAN\u00c7A REFORMA3\u00b0 pilar &#8211; 3a e 3bAt\u00e9 fr. 2&#8217;000 de economias de impostos por anoMelhor reformaProte\u00e7\u00e3o familiarCompra de casa mais f\u00e1cil<\/p>\n","protected":false},"author":1,"featured_media":0,"parent":0,"menu_order":0,"comment_status":"closed","ping_status":"closed","template":"","meta":[],"acf":[],"_links":{"self":[{"href":"https:\/\/credits-assurances.ch\/pt-pt\/wp-json\/wp\/v2\/pages\/191"}],"collection":[{"href":"https:\/\/credits-assurances.ch\/pt-pt\/wp-json\/wp\/v2\/pages"}],"about":[{"href":"https:\/\/credits-assurances.ch\/pt-pt\/wp-json\/wp\/v2\/types\/page"}],"author":[{"embeddable":true,"href":"https:\/\/credits-assurances.ch\/pt-pt\/wp-json\/wp\/v2\/users\/1"}],"replies":[{"embeddable":true,"href":"https:\/\/credits-assurances.ch\/pt-pt\/wp-json\/wp\/v2\/comments?post=191"}],"version-history":[{"count":16,"href":"https:\/\/credits-assurances.ch\/pt-pt\/wp-json\/wp\/v2\/pages\/191\/revisions"}],"predecessor-version":[{"id":733,"href":"https:\/\/credits-assurances.ch\/pt-pt\/wp-json\/wp\/v2\/pages\/191\/revisions\/733"}],"wp:attachment":[{"href":"https:\/\/credits-assurances.ch\/pt-pt\/wp-json\/wp\/v2\/media?parent=191"}],"curies":[{"name":"wp","href":"https:\/\/api.w.org\/{rel}","templated":true}]}}