
	{"id":193,"date":"2020-07-20T06:06:19","date_gmt":"2020-07-20T06:06:19","guid":{"rendered":"http:\/\/credits-assurances.ch\/a-propos-de-nous\/"},"modified":"2026-02-17T05:33:54","modified_gmt":"2026-02-17T05:33:54","slug":"quem-somos","status":"publish","type":"page","link":"https:\/\/credits-assurances.ch\/pt-pt\/quem-somos\/","title":{"rendered":"Quem Somos"},"content":{"rendered":"<div class=\"vce-row-container\"><div class=\"vce-row vce-element--has-background vce-row--col-gap-30 vce-row-columns--top vce-row-content--top\" data-vce-full-width=\"true\" id=\"el-8bf91594\" data-vce-do-apply=\"all el-8bf91594\"><div class=\"vce-content-background-container\"><\/div><div class=\"vce-row-content\" data-vce-element-content=\"true\"><div class=\"vce-col vce-col--md-auto vce-col--xs-1 vce-col--xs-last vce-col--xs-first vce-col--sm-last vce-col--sm-first vce-col--md-last vce-col--lg-last vce-col--xl-last vce-col--md-first vce-col--lg-first vce-col--xl-first\" id=\"el-d66e2dd5\"><div class=\"vce-col-inner\" data-vce-do-apply=\"border margin background  el-d66e2dd5\"><div class=\"vce-col-content\" data-vce-element-content=\"true\" data-vce-do-apply=\"padding el-d66e2dd5\"><div class=\"vce-row-container\" data-vce-boxed-width=\"true\"><div class=\"vce-row vce-row--col-gap-30 vce-row-columns--top vce-row-content--top\" id=\"el-077fae2a\" data-vce-do-apply=\"all el-077fae2a\"><div class=\"vce-row-content\" data-vce-element-content=\"true\"><div class=\"vce-col vce-col--md-66-66p vce-col--xs-1 vce-col--xs-last vce-col--xs-first vce-col--sm-last vce-col--sm-first vce-col--md-first vce-col--lg-first vce-col--xl-first\" id=\"el-c2124d5d\"><div class=\"vce-col-inner\" data-vce-do-apply=\"border margin background  el-c2124d5d\"><div class=\"vce-col-content\" data-vce-element-content=\"true\" data-vce-do-apply=\"padding el-c2124d5d\"><div class=\"vce-text-block\"><div class=\"vce-text-block-wrapper vce\" id=\"el-f1ba1161\" data-vce-do-apply=\"all el-f1ba1161\"><h1>Quem Somos<\/h1><\/div><\/div><\/div><\/div><\/div><div class=\"vce-col vce-col--md-33-34p vce-col--xs-1 vce-col--xs-last vce-col--xs-first vce-col--sm-last vce-col--sm-first vce-col--md-last vce-col--lg-last vce-col--xl-last\" id=\"el-81eb2e51\"><div class=\"vce-col-inner\" data-vce-do-apply=\"border margin background  el-81eb2e51\"><div class=\"vce-col-content\" data-vce-element-content=\"true\" data-vce-do-apply=\"padding el-81eb2e51\"><\/div><\/div><\/div><\/div><\/div><\/div><\/div><\/div><\/div><\/div><\/div><\/div><div class=\"vce-row-container\" data-vce-boxed-width=\"true\"><div class=\"vce-row vce-element--has-background vce-row--col-gap-30 vce-row-columns--top vce-row-content--top\" id=\"el-35914eef\" data-vce-do-apply=\"all el-35914eef\"><div class=\"vce-content-background-container\"><\/div><div class=\"vce-row-content\" data-vce-element-content=\"true\"><div class=\"vce-col vce-col--md-auto vce-col--xs-1 vce-col--xs-last vce-col--xs-first vce-col--sm-last vce-col--sm-first vce-col--md-last vce-col--lg-last vce-col--xl-last vce-col--md-first vce-col--lg-first vce-col--xl-first\" id=\"el-401c482d\"><div class=\"vce-col-inner\" data-vce-do-apply=\"border margin background  el-401c482d\"><div class=\"vce-col-content\" data-vce-element-content=\"true\" data-vce-do-apply=\"padding el-401c482d\"><div class=\"vce-row-container\" data-vce-boxed-width=\"true\"><div class=\"vce-row vce-row--col-gap-30 vce-row-columns--top vce-row-content--top\" id=\"el-ba026ff0\" data-vce-do-apply=\"all el-ba026ff0\"><div class=\"vce-row-content\" data-vce-element-content=\"true\"><div class=\"vce-col vce-col--md-auto vce-col--xs-1 vce-col--xs-last vce-col--xs-first vce-col--sm-last vce-col--sm-first vce-col--md-last vce-col--lg-last vce-col--xl-last vce-col--md-first vce-col--lg-first vce-col--xl-first\" id=\"el-0f3899a2\"><div class=\"vce-col-inner\" data-vce-do-apply=\"border margin background  el-0f3899a2\"><div class=\"vce-col-content\" data-vce-element-content=\"true\" data-vce-do-apply=\"padding el-0f3899a2\"><\/div><\/div><\/div><\/div><\/div><\/div><div class=\"vce-text-block\"><div class=\"vce-text-block-wrapper vce\" id=\"el-a2b391d5\" data-vce-do-apply=\"all el-a2b391d5\"><h2><strong>Beneficie<\/strong><br>dos nossos 30 anos de experi\u00eancia<\/h2><\/div><\/div><div class=\"vce-row-container\" data-vce-boxed-width=\"true\"><div class=\"vce-row vce-row--col-gap-30 vce-row-columns--top vce-row-content--top\" id=\"el-2bb7c1f7\" data-vce-do-apply=\"all el-2bb7c1f7\"><div class=\"vce-row-content\" data-vce-element-content=\"true\"><div class=\"vce-col vce-col--md-auto vce-col--xs-1 vce-col--xs-last vce-col--xs-first vce-col--sm-last vce-col--sm-first vce-col--md-first vce-col--lg-first vce-col--xl-first\" id=\"el-846fc2a7\"><div class=\"vce-col-inner\" data-vce-do-apply=\"border margin background  el-846fc2a7\"><div class=\"vce-col-content\" data-vce-element-content=\"true\" data-vce-do-apply=\"padding el-846fc2a7\"><div class=\"vce-text-block\"><div class=\"vce-text-block-wrapper vce\" id=\"el-32b1f376\" data-vce-do-apply=\"all el-32b1f376\"><p>Fernando Santos iniciou a sua forma\u00e7\u00e3o na \u00e1rea dos seguros e cr\u00e9ditos em 1987.<\/p><p>Contratado e especializado pelos maiores bancos e companhias de seguros na Sui\u00e7a, desenvolveu rapidamente a sua rede profissional.<br><br>Cinco anos depois, criou a sua empresa Santos Assurances &amp; Cr\u00e9dits S\u00e0rl, onde em 2006 se instalou nas suas pr\u00f3prias instala\u00e7\u00f5es para fazer face \u00e0 expans\u00e3o da sua atividade.<br><br>A empresa conta atualmente com mais de 15\u2019000 clientes por toda a sui\u00e7a.<\/p><p>Seja em termos de <strong>cr\u00e9ditos privados ou habita\u00e7\u00e3o, todo o tipo de seguros, planos poupan\u00e7a reforma, caixas de pens\u00e3o, fiscalidade, declara\u00e7\u00e3o de impostos,<\/strong> todo o <strong>tipo de cartas e apoio \u00e0 partida definitiva para Portugal<\/strong>, fazemos todo o nosso poss\u00edvel para lhe facilitar a vida.<\/p><\/div><\/div><\/div><\/div><\/div><div class=\"vce-col vce-col--md-auto vce-col--xs-1 vce-col--xs-last vce-col--xs-first vce-col--sm-last vce-col--sm-first vce-col--md-last vce-col--lg-last vce-col--xl-last\" id=\"el-2ccc46d4\"><div class=\"vce-col-inner\" data-vce-do-apply=\"border margin background  el-2ccc46d4\"><div class=\"vce-col-content\" data-vce-element-content=\"true\" data-vce-do-apply=\"padding el-2ccc46d4\"><div class=\"vce-text-block\"><div class=\"vce-text-block-wrapper vce\" id=\"el-21df10bf\" data-vce-do-apply=\"all el-21df10bf\"><p class=\"p1\">Crente que a confian\u00e7a se constr\u00f3i ao longo do tempo e com o relacionamento, Fernando Santos e a sua Ag\u00eancia Santos em Gland, compromete-se a analisar as suas necessidades com toda a transpar\u00eancia e profissionalismo.<\/p><p class=\"p1\">Certificado em : Cr\u00e9dito privado e habita\u00e7\u00e3o<\/p><p>Certificado : <strong>FINMA<\/strong> - Agente oficial em todos os ramos de seguros<\/p><p>Certificado : <strong>CICERO<\/strong> - Garantia de Qualidade. CICERO \u00e9 a mais alta certifica\u00e7\u00e3o de qualidade na Sui\u00e7a<\/p><p><img class=\"alignnone wp-image-408\" src=\"https:\/\/credits-assurances.ch\/wp-content\/uploads\/2020\/10\/cicero.png\" alt=\"\" width=\"115\" height=\"53\"><\/p><\/div><\/div><\/div><\/div><\/div><\/div><\/div><\/div><\/div><\/div><\/div><\/div><\/div><\/div><div class=\"vce-row-container\" data-vce-boxed-width=\"true\"><div class=\"vce-row vce-row--col-gap-30 vce-row-columns--top vce-row-content--top\" id=\"el-6ec20974\" data-vce-do-apply=\"all el-6ec20974\"><div class=\"vce-content-background-container\"><\/div><div class=\"vce-row-content\" data-vce-element-content=\"true\"><div class=\"vce-col vce-col--md-auto vce-col--xs-1 vce-col--xs-last vce-col--xs-first vce-col--sm-last vce-col--sm-first vce-col--md-last vce-col--lg-last vce-col--xl-last vce-col--md-first vce-col--lg-first vce-col--xl-first\" id=\"el-ae383d2b\"><div class=\"vce-col-inner\" data-vce-do-apply=\"border margin background  el-ae383d2b\"><div class=\"vce-col-content\" data-vce-element-content=\"true\" data-vce-do-apply=\"padding el-ae383d2b\"><div class=\"vce-row-container\" data-vce-boxed-width=\"true\"><div class=\"vce-row vce-row--col-gap-30 vce-row-columns--top vce-row-content--top\" id=\"el-efb92005\" data-vce-do-apply=\"all el-efb92005\"><div class=\"vce-row-content\" data-vce-element-content=\"true\"><div class=\"vce-col vce-col--md-auto vce-col--xs-1 vce-col--xs-last vce-col--xs-first vce-col--sm-last vce-col--sm-first vce-col--md-first vce-col--lg-first vce-col--xl-first\" id=\"el-195d6f95\"><div class=\"vce-col-inner\" data-vce-do-apply=\"border margin background  el-195d6f95\"><div class=\"vce-col-content\" data-vce-element-content=\"true\" data-vce-do-apply=\"padding el-195d6f95\"><div class=\"vce-single-image-container vce-single-image--align-center\"><div class=\"vce vce-single-image-wrapper\" id=\"el-56a6da42\" data-vce-do-apply=\"all el-56a6da42\"><figure><div class=\"vce-single-image-inner vce-single-image--absolute vce-single-image--border-round\"><img class=\"vce-single-image\" width=\"0\" height=\"0\" src=\"https:\/\/santos.web-romandie.ch\/wp-content\/uploads\/2020\/10\/IMG_1973-rotated.jpg\" data-img-src=\"https:\/\/santos.web-romandie.ch\/wp-content\/uploads\/2020\/10\/IMG_1973-rotated.jpg\" alt=\"\" title=\"IMG_1973\" \/><\/div><figcaption hidden=\"\"><\/figcaption><\/figure><\/div><\/div><div class=\"vce-text-block\"><div class=\"vce-text-block-wrapper vce\" id=\"el-555e49fc\" data-vce-do-apply=\"all el-555e49fc\"><p style=\"text-align: center;\"><strong>Ana Martins<\/strong><br>Especialista em Direito e Seguros<\/p><\/div><\/div><\/div><\/div><\/div><div class=\"vce-col vce-col--md-auto vce-col--xs-1 vce-col--xs-last vce-col--xs-first vce-col--sm-last vce-col--sm-first\" id=\"el-9f0ce2f1\"><div class=\"vce-col-inner\" data-vce-do-apply=\"border margin background  el-9f0ce2f1\"><div class=\"vce-col-content\" data-vce-element-content=\"true\" data-vce-do-apply=\"padding el-9f0ce2f1\"><div class=\"vce-single-image-container vce-single-image--align-center\"><div class=\"vce vce-single-image-wrapper\" id=\"el-da34f188\" data-vce-do-apply=\"all el-da34f188\"><figure><div class=\"vce-single-image-inner vce-single-image--absolute vce-single-image--border-round\"><img class=\"vce-single-image\" width=\"0\" height=\"0\" src=\"https:\/\/santos.web-romandie.ch\/wp-content\/uploads\/2020\/07\/santos_fernando-1-768x566-1.jpg\" data-img-src=\"https:\/\/santos.web-romandie.ch\/wp-content\/uploads\/2020\/07\/santos_fernando-1-768x566-1.jpg\" alt=\"\" title=\"santos_fernando-1-768x566\" \/><\/div><figcaption hidden=\"\"><\/figcaption><\/figure><\/div><\/div><div class=\"vce-text-block\"><div class=\"vce-text-block-wrapper vce\" id=\"el-47bf7470\" data-vce-do-apply=\"all el-47bf7470\"><p style=\"text-align: center;\"><strong>Fernando Dos Santos<\/strong> <br>Director<\/p><\/div><\/div><\/div><\/div><\/div><div class=\"vce-col vce-col--md-auto vce-col--xs-1 vce-col--xs-last vce-col--xs-first vce-col--sm-last vce-col--sm-first vce-col--md-last vce-col--lg-last vce-col--xl-last\" id=\"el-90ff1819\"><div class=\"vce-col-inner\" data-vce-do-apply=\"border margin background  el-90ff1819\"><div class=\"vce-col-content\" data-vce-element-content=\"true\" data-vce-do-apply=\"padding el-90ff1819\"><div class=\"vce-single-image-container vce-single-image--align-center\"><div class=\"vce vce-single-image-wrapper\" id=\"el-2c56d48f\" data-vce-do-apply=\"all el-2c56d48f\"><figure><div class=\"vce-single-image-inner vce-single-image--absolute vce-single-image--border-round\"><img class=\"vce-single-image\" width=\"0\" height=\"0\" src=\"https:\/\/santos.web-romandie.ch\/wp-content\/uploads\/2020\/07\/santos_paula-300x217-1.jpg\" data-img-src=\"https:\/\/santos.web-romandie.ch\/wp-content\/uploads\/2020\/07\/santos_paula-300x217-1.jpg\" alt=\"\" title=\"santos_paula-300x217\" \/><\/div><figcaption hidden=\"\"><\/figcaption><\/figure><\/div><\/div><div class=\"vce-text-block\"><div class=\"vce-text-block-wrapper vce\" id=\"el-9093ba0b\" data-vce-do-apply=\"all el-9093ba0b\"><p style=\"text-align: center;\"><strong>Ana Paula Lopes<\/strong><br>Especialista em Cr\u00e9ditos, Seguros e fiscalidade<\/p><\/div><\/div><\/div><\/div><\/div><\/div><\/div><\/div><\/div><\/div><\/div><\/div><\/div><\/div>\n","protected":false},"excerpt":{"rendered":"<p>Quem SomosBeneficiedos nossos 30 anos de experi\u00eanciaFernando Santos iniciou a sua forma\u00e7\u00e3o na \u00e1rea dos seguros e cr\u00e9ditos em 1987.Contratado e especializado pelos maiores bancos e companhias de seguros na Sui\u00e7a, desenvolveu rapidamente a sua rede profissional.Cinco anos depois, criou a sua empresa Santos Assurances &amp; Cr\u00e9dits S\u00e0rl, onde em 2006 se instalou nas suas [&hellip;]<\/p>\n","protected":false},"author":1,"featured_media":0,"parent":0,"menu_order":0,"comment_status":"closed","ping_status":"closed","template":"","meta":[],"acf":[],"_links":{"self":[{"href":"https:\/\/credits-assurances.ch\/pt-pt\/wp-json\/wp\/v2\/pages\/193"}],"collection":[{"href":"https:\/\/credits-assurances.ch\/pt-pt\/wp-json\/wp\/v2\/pages"}],"about":[{"href":"https:\/\/credits-assurances.ch\/pt-pt\/wp-json\/wp\/v2\/types\/page"}],"author":[{"embeddable":true,"href":"https:\/\/credits-assurances.ch\/pt-pt\/wp-json\/wp\/v2\/users\/1"}],"replies":[{"embeddable":true,"href":"https:\/\/credits-assurances.ch\/pt-pt\/wp-json\/wp\/v2\/comments?post=193"}],"version-history":[{"count":27,"href":"https:\/\/credits-assurances.ch\/pt-pt\/wp-json\/wp\/v2\/pages\/193\/revisions"}],"predecessor-version":[{"id":1535,"href":"https:\/\/credits-assurances.ch\/pt-pt\/wp-json\/wp\/v2\/pages\/193\/revisions\/1535"}],"wp:attachment":[{"href":"https:\/\/credits-assurances.ch\/pt-pt\/wp-json\/wp\/v2\/media?parent=193"}],"curies":[{"name":"wp","href":"https:\/\/api.w.org\/{rel}","templated":true}]}}