
	{"id":662,"date":"2020-10-23T06:11:23","date_gmt":"2020-10-23T06:11:23","guid":{"rendered":"http:\/\/credits-assurances.ch\/?page_id=662"},"modified":"2021-01-14T07:48:47","modified_gmt":"2021-01-14T07:48:47","slug":"mentions-legales","status":"publish","type":"page","link":"https:\/\/credits-assurances.ch\/pt-pt\/mentions-legales\/","title":{"rendered":"INFORMA\u00c7\u00d5ES LEGAIS"},"content":{"rendered":"<div class=\"vce-row-container\"><div class=\"vce-row vce-element--has-background vce-row--col-gap-30 vce-row-columns--top vce-row-content--top\" data-vce-full-width=\"true\" id=\"el-34bcf10f\" data-vce-do-apply=\"all el-34bcf10f\"><div class=\"vce-content-background-container\"><\/div><div class=\"vce-row-content\" data-vce-element-content=\"true\"><div class=\"vce-col vce-col--md-auto vce-col--xs-1 vce-col--xs-last vce-col--xs-first vce-col--sm-last vce-col--sm-first vce-col--md-last vce-col--lg-last vce-col--xl-last vce-col--md-first vce-col--lg-first vce-col--xl-first\" id=\"el-cee3fab3\"><div class=\"vce-col-inner\" data-vce-do-apply=\"border margin background  el-cee3fab3\"><div class=\"vce-col-content\" data-vce-element-content=\"true\" data-vce-do-apply=\"padding el-cee3fab3\"><div class=\"vce-text-block\"><div class=\"vce-text-block-wrapper vce\" id=\"el-fcc35efd\" data-vce-do-apply=\"all el-fcc35efd\"><h1>Informa\u00e7oes legais<\/h1><\/div><\/div><\/div><\/div><\/div><\/div><\/div><\/div><div class=\"vce-row-container\" data-vce-boxed-width=\"true\"><div class=\"vce-row vce-element--has-background vce-row--col-gap-30 vce-row-columns--top vce-row-content--top\" id=\"el-63038968\" data-vce-do-apply=\"all el-63038968\"><div class=\"vce-content-background-container\"><\/div><div class=\"vce-row-content\" data-vce-element-content=\"true\"><div class=\"vce-col vce-col--md-auto vce-col--xs-1 vce-col--xs-last vce-col--xs-first vce-col--sm-last vce-col--sm-first vce-col--md-last vce-col--lg-last vce-col--xl-last vce-col--md-first vce-col--lg-first vce-col--xl-first\" id=\"el-136e0e31\"><div class=\"vce-col-inner\" data-vce-do-apply=\"border margin background  el-136e0e31\"><div class=\"vce-col-content\" data-vce-element-content=\"true\" data-vce-do-apply=\"padding el-136e0e31\"><div class=\"vce-text-block\"><div class=\"vce-text-block-wrapper vce\" id=\"el-0adf7dd1\" data-vce-do-apply=\"all el-0adf7dd1\"><p><span style=\"color: #2c397b;\"><strong>INFORMA\u00c7\u00d5ES LEGAIS<\/strong><\/span><br>Este site \u00e9 propriedade de Santos Seguros &amp; Cr\u00e9ditos, S\u00e0rl :<br>Em Av.de Mont-Blanc 8 \u2013 1196 Gland<br>Tel. : +41(0)22 354 08 00<\/p>\n<p><span style=\"color: #2c397b;\"><strong>ALOJAMENTO<\/strong><\/span><br>Net4All - Chemin du D\u00e9vent 7 - 1024 Ecublens, Su\u00ed\u00e7a - Tel. : +41(0)84 064 20 00 - www.net4all.ch<\/p>\n<p><span style=\"color: #2c397b;\"><strong>TRATAMENTO DOS PEDIDOS DE CR\u00c9DITO<\/strong><\/span><br>Tomo conhecimento e aceito que Santos Seguros &amp; Cr\u00e9ditos, S\u00e0rl transmita o meu pedido \u00e0 Cembra, BanKnow (designada como \u00ab a institui\u00e7\u00e3o financeira\u00bb) por internet, email ou fax\/correio.<\/p>\n<p><strong>Al\u00e9m disso, confirmo os pontos seguintes :<\/strong><br>An\u00e1lise do pedido e informa\u00e7\u00f5es sobre os cr\u00e9ditos: Confirmo a precis\u00e3o de todos os dados sobre mim e autoriso o estabelecimento financeiro, dentro do quadro de an\u00e1lise do presente pedido e do tratamento da rela\u00e7\u00e3o contratual, a obter informa\u00e7\u00f5es a meu respeito perante terceiros, nomeadamente de bancos, da central de informa\u00e7\u00e3o de cr\u00e9dito (ZEK), das autoridades (p.ex.minist\u00e9rio p\u00fablico, administra\u00e7\u00f5es fiscais, controlo de habitantes, autoridades de prote\u00e7\u00e3o de crian\u00e7as e adultos), sociedades de informa\u00e7\u00f5es econ\u00f3micas, intermedi\u00e1rios de cr\u00e9ditos, entidade patronal, sociedades do grupo da institui\u00e7\u00e3o financeira e, caso necess\u00e1rio, da Associa\u00e7\u00e3o para a gest\u00e3o de un centro de informa\u00e7\u00f5es sobre o cr\u00e9dito ao consumo (1KO). Para os fins acima mencionados, eu liberto essas organiza\u00e7\u00f5es do segredo banc\u00e1rio, postal, fun\u00e7\u00e3o ou segredo comercial. Al\u00e9m disso, eu autorizo a institui\u00e7\u00e3o financeira a anunciar o presente pedido \u00e0 ZEK e, quando aplic\u00e1vel, ao IKO e, se houver uma obriga\u00e7\u00e3o legal correspondente, outros \u00f3rg\u00e3os. Isso inclui o tipo, o montante e os termos do cr\u00e9dito ou financiamento, bem como os dados pessoais do candidato e poss\u00edveis pagamentos em atraso ou abusos. Eu reconhe\u00e7o que a ZEK e o IKO t\u00eam o direito de fornecer seus aos membros informa\u00e7\u00f5es sobre os dados fornecidos. A institui\u00e7\u00e3o financeira pode recusar o pedido sem fundamentar.<\/p>\n<p><strong>Colabora\u00e7\u00e3o com intermedi\u00e1rios:<\/strong> <br>A institui\u00e7\u00e3o financeira pode, no caso de pedidos que lhe sejam transmitidos por um intermedi\u00e1rio, trocar com o \u00faltimo as informa\u00e7\u00f5es necess\u00e1rias para a an\u00e1lise do pedido \/ solv\u00eancia e a conclus\u00e3o e execu\u00e7\u00e3o do contrato.<\/p>\n<p><strong>Informa\u00e7\u00e3o do\/a Parceiro\/a:<br><\/strong> Se eu fiz, no pedido, alguma indica\u00e7\u00e3o sobre meu c\u00f4njuge ou parceiro\/a registrado\/a (\"Parceiro\/a\"), confirmo (i) que eu informei o meu parceiro\/a do presente pedido, (ii) que a institui\u00e7\u00e3o financeira pode verificar as informa\u00e7\u00f5es acima mencionadas diretamente com o meu\/minha parceiro\/a e (iii) que o meu\/minha parceiro\/a concorda que a institui\u00e7\u00e3o financeira pode obter informa\u00e7\u00f5es a seu respeito (incluindo solicita\u00e7\u00f5es para verificar as informa\u00e7\u00f5es acima mencionadas directamente com o meu\/minha parceiro\/a, e (iii) que o meu\/minha parceiro\/a concorda que a institui\u00e7\u00e3o financeira obter\u00e1 informa\u00e7\u00f5es sobre ele ou ela (incluindo solicita\u00e7\u00f5es de informa\u00e7\u00f5es da ZEK) conforme descrito acima.<\/p>\n<p>Processamento de dados: autorizo a institui\u00e7\u00e3o financeira a processar e avaliar meus dados para fins de marketing e gerenciamento de riscos e estabelecer perfis. Autorizo a institui\u00e7\u00e3o financeira a oferecer-me outros produtos e servi\u00e7os, inclusive os das empresas do seu grupo. Posso, em qualquer momento, revogar esta autoriza\u00e7\u00e3o para processar meus dados para fins de marketing ou informa\u00e7\u00f5es.<\/p>\n<p><strong>Colabora\u00e7\u00e3o com fornecedores de servi\u00e7os (delega\u00e7\u00e3o):<\/strong> a institui\u00e7\u00e3o financeira pode delegar servi\u00e7os a terceiros (doravante \"prestadores de servi\u00e7os\"), particularmente nas \u00e1reas de gerenciamento de processos de neg\u00f3cios, seguran\u00e7a de TI e gerenciamento de sistemas , pesquisa de mercado e explora\u00e7\u00e3o, identifica\u00e7\u00e3o de cr\u00e9dito e riscos de mercado relevantes para neg\u00f3cios e administra\u00e7\u00e3o de rela\u00e7\u00f5es contratuais (por exemplo, processamento de aplicativos e contratos, coleta, comunica\u00e7\u00e3o com clientes ). A institui\u00e7\u00e3o financeira deve fornecer a esses provedores de dados os dados necess\u00e1rios para o cumprimento de suas obriga\u00e7\u00f5es contratuais e tamb\u00e9m pode transmitir esses dados no exterior. Os prestadores de servi\u00e7os, bem como seus empregados e subcontratados, t\u00eam a obriga\u00e7\u00e3o contratual de assegurar a prote\u00e7\u00e3o de dados de acordo com os requisitos da Lei Federal de Prote\u00e7\u00e3o de Dados, observar o segredo banc\u00e1rio de acordo com a Lei banc\u00e1ria e honrar o dever de confidencialidade. Neste contexto, reconhe\u00e7o que os meus dados podem ser transmitidos a provedores estabelecidos em Estados que n\u00e3o possuem prote\u00e7\u00e3o de dados equivalente \u00e0 da Su\u00ed\u00e7a. Eu concordo que a institui\u00e7\u00e3o financeira usar\u00e1 meios eletr\u00f4nicos para se comunicar comigo ou com o intermedi\u00e1rio. Tamb\u00e9m aceito a transmiss\u00e3o de dados pela Internet e estou ciente de que a Internet \u00e9 uma rede aberta acess\u00edvel a todos. Portanto, o intermedi\u00e1rio acima mencionado e a institui\u00e7\u00e3o financeira n\u00e3o podem garantir a confidencialidade dos dados transmitidos pela Internet. Como resultado, terceiros podem concluir que existe uma rela\u00e7\u00e3o comercial (banc\u00e1rio, se aplic\u00e1vel) entre mim e a institui\u00e7\u00e3o financeira.<br>A concess\u00e3o de cr\u00e9dito \u00e9 proibida se conduzir ao sobreendividamento do consumidor (men\u00e7\u00e3o legal de acordo com o LCD do Artigo 3).<\/p>\n<p><span style=\"color: #2c397b;\"><strong>PROPRIEDADE INTELECTUA<\/strong><\/span><br>O conjunto deste site est\u00e1 sujeito \u00e0 legisla\u00e7\u00e3o su\u00ed\u00e7a e internacional sobre direitos de autor e propriedade intelectual. Todos os direitos de reprodu\u00e7\u00e3o s\u00e3o reservados, inclusive para documentos para download e representa\u00e7\u00f5es iconogr\u00e1ficas e fotogr\u00e1ficas. A reprodu\u00e7\u00e3o de todo ou parte deste site em qualquer meio eletr\u00f3nico \u00e9 estritamente proibida, a menos que expressamente autorizado pelo editor. O usu\u00e1rio compromete-se a n\u00e3o reproduzir, resumir, modificar, alterar ou redistribuir qualquer texto, t\u00edtulo, aplicativo, software, logotipo, marca registrada, informa\u00e7\u00f5es ou ilustra\u00e7\u00e3o, sem permiss\u00e3o expressa pr\u00e9via do editor, para qualquer uso que n\u00e3o \u00e9 estritamente privado, o que impede qualquer representa\u00e7\u00e3o para fins profissionais ou para difus\u00e3o repetida. Da mesma forma, o usu\u00e1rio concorda em n\u00e3o copiar todo ou parte do site em outro site ou em uma rede interna de empresas. Voc\u00ea ainda pode imprimir p\u00e1ginas inteiras no papel para seu uso pessoal. Santos Seguros &amp; Cr\u00e9ditos S\u00e0rl n\u00e3o se responsabiliza pelos usos feitos pelos Usu\u00e1rios dos dados acess\u00edveis no site.<\/p>\n<p><span style=\"color: #2c397b;\"><strong>LINKS PARA O SITE<\/strong><\/span><br>A Santos Seguros &amp; Cr\u00e9ditos S\u00e0rl n\u00e3o supervisiona os sites ligados ao seu site por links de hipertexto e se isenta de qualquer responsabilidade relacionada a esses sites e aos conte\u00fados neles contidos. Qualquer cria\u00e7\u00e3o de um link de hipertexto de um site para este site deve estar sujeita a uma autoriza\u00e7\u00e3o expressa da Santos Seguros &amp; Cr\u00e9ditos S\u00e0rl..<\/p>\n<p><span style=\"color: #2c397b;\"><strong>PRECIS\u00c3O DA INFORMA\u00c7\u00c3O<\/strong><\/span><br>Apesar da aten\u00e7\u00e3o prestada ao desenvolvimento deste site, a Santos Seguros &amp; Cr\u00e9ditos S\u00e0rl n\u00e3o garante a precis\u00e3o, perman\u00eancia ou integridade das informa\u00e7\u00f5es fornecidas e \/ ou aus\u00eancia de v\u00edrus em seu site. As condi\u00e7\u00f5es presentes e a rela\u00e7\u00e3o entre Santos Seguros &amp; Cr\u00e9ditos S\u00e0rl e os usu\u00e1rios estar\u00e3o sujeitas \u00e0 lei su\u00ed\u00e7a e qualquer disputa que n\u00e3o possa encontrar um resultado transacional ser\u00e1 apresentada aos tribunais competentes. A Santos Seguros &amp; Cr\u00e9ditos S\u00e0rl reserva-se o direito de modificar as suas caracter\u00edsticas a qualquer momento sem aviso pr\u00e9vio, sem ser respons\u00e1vel pela responsabilidade dos membros da sua rede ou seus funcion\u00e1rios. Documentos e fotos n\u00e3o contratuais.<\/p><\/div><\/div><\/div><\/div><\/div><\/div><\/div><\/div>\n","protected":false},"excerpt":{"rendered":"<p>Informa\u00e7oes legaisINFORMA\u00c7\u00d5ES LEGAISEste site \u00e9 propriedade de Santos Seguros &amp; Cr\u00e9ditos, S\u00e0rl :Em Av.de Mont-Blanc 8 \u2013 1196 GlandTel. : +41(0)22 354 08 00 ALOJAMENTONet4All &#8211; Chemin du D\u00e9vent 7 &#8211; 1024 Ecublens, Su\u00ed\u00e7a &#8211; Tel. : +41(0)84 064 20 00 &#8211; www.net4all.ch TRATAMENTO DOS PEDIDOS DE CR\u00c9DITOTomo conhecimento e aceito que Santos Seguros &amp; [&hellip;]<\/p>\n","protected":false},"author":1,"featured_media":0,"parent":0,"menu_order":0,"comment_status":"closed","ping_status":"closed","template":"","meta":[],"acf":[],"_links":{"self":[{"href":"https:\/\/credits-assurances.ch\/pt-pt\/wp-json\/wp\/v2\/pages\/662"}],"collection":[{"href":"https:\/\/credits-assurances.ch\/pt-pt\/wp-json\/wp\/v2\/pages"}],"about":[{"href":"https:\/\/credits-assurances.ch\/pt-pt\/wp-json\/wp\/v2\/types\/page"}],"author":[{"embeddable":true,"href":"https:\/\/credits-assurances.ch\/pt-pt\/wp-json\/wp\/v2\/users\/1"}],"replies":[{"embeddable":true,"href":"https:\/\/credits-assurances.ch\/pt-pt\/wp-json\/wp\/v2\/comments?post=662"}],"version-history":[{"count":7,"href":"https:\/\/credits-assurances.ch\/pt-pt\/wp-json\/wp\/v2\/pages\/662\/revisions"}],"predecessor-version":[{"id":819,"href":"https:\/\/credits-assurances.ch\/pt-pt\/wp-json\/wp\/v2\/pages\/662\/revisions\/819"}],"wp:attachment":[{"href":"https:\/\/credits-assurances.ch\/pt-pt\/wp-json\/wp\/v2\/media?parent=662"}],"curies":[{"name":"wp","href":"https:\/\/api.w.org\/{rel}","templated":true}]}}