
	{"id":689,"date":"2020-11-05T10:25:20","date_gmt":"2020-11-05T10:25:20","guid":{"rendered":"http:\/\/credits-assurances.ch\/?page_id=689"},"modified":"2020-11-10T07:16:43","modified_gmt":"2020-11-10T07:16:43","slug":"trabalhe-conosco","status":"publish","type":"page","link":"https:\/\/credits-assurances.ch\/pt-pt\/trabalhe-conosco\/","title":{"rendered":"Trabalhe Conosco"},"content":{"rendered":"<div class=\"vce-row-container\"><div class=\"vce-row vce-element--has-background vce-row--col-gap-30 vce-row-columns--top vce-row-content--top\" data-vce-full-width=\"true\" id=\"el-36c864f9\" data-vce-do-apply=\"all el-36c864f9\"><div class=\"vce-content-background-container\"><\/div><div class=\"vce-row-content\" data-vce-element-content=\"true\" style=\"padding-left: 50px; padding-right: 50px;\"><div class=\"vce-col vce-col--md-auto vce-col--xs-1 vce-col--xs-last vce-col--xs-first vce-col--sm-last vce-col--sm-first vce-col--md-last vce-col--lg-last vce-col--xl-last vce-col--md-first vce-col--lg-first vce-col--xl-first\" id=\"el-6798a669\"><div class=\"vce-col-inner\" data-vce-do-apply=\"border margin background  el-6798a669\"><div class=\"vce-col-content\" data-vce-element-content=\"true\" data-vce-do-apply=\"padding el-6798a669\"><div class=\"vce-row-container\"><div class=\"vce-row vce-row--col-gap-30 vce-row-columns--top vce-row-content--top\" id=\"el-67d8133c\" data-vce-do-apply=\"all el-67d8133c\"><div class=\"vce-row-content\" data-vce-element-content=\"true\"><div class=\"vce-col vce-col--md-66-66p vce-col--xs-1 vce-col--xs-last vce-col--xs-first vce-col--sm-last vce-col--sm-first vce-col--md-first vce-col--lg-first vce-col--xl-first\" id=\"el-c5680415\"><div class=\"vce-col-inner\" data-vce-do-apply=\"border margin background  el-c5680415\"><div class=\"vce-col-content\" data-vce-element-content=\"true\" data-vce-do-apply=\"padding el-c5680415\"><div class=\"vce-text-block\"><div class=\"vce-text-block-wrapper vce\" id=\"el-f70e6fa1\" data-vce-do-apply=\"all el-f70e6fa1\"><h1>Empregos<\/h1><\/div><\/div><\/div><\/div><\/div><div class=\"vce-col vce-col--md-33-34p vce-col--xs-1 vce-col--xs-last vce-col--xs-first vce-col--sm-last vce-col--sm-first vce-col--md-last vce-col--lg-last vce-col--xl-last\" id=\"el-f95ebc51\"><div class=\"vce-col-inner\" data-vce-do-apply=\"border margin background  el-f95ebc51\"><div class=\"vce-col-content\" data-vce-element-content=\"true\" data-vce-do-apply=\"padding el-f95ebc51\"><\/div><\/div><\/div><\/div><\/div><\/div><\/div><\/div><\/div><\/div><\/div><\/div><div class=\"vce-row-container\"><div class=\"vce-row vce-element--has-background vce-row--col-gap-30 vce-row-columns--top vce-row-content--top\" id=\"el-41e1612d\" data-vce-do-apply=\"all el-41e1612d\"><div class=\"vce-content-background-container\"><\/div><div class=\"vce-row-content\" data-vce-element-content=\"true\"><div class=\"vce-col vce-col--md-auto vce-col--xs-1 vce-col--xs-last vce-col--xs-first vce-col--sm-last vce-col--sm-first vce-col--md-last vce-col--lg-last vce-col--xl-last vce-col--md-first vce-col--lg-first vce-col--xl-first\" id=\"el-86f39cb3\"><div class=\"vce-col-inner\" data-vce-do-apply=\"border margin background  el-86f39cb3\"><div class=\"vce-col-content\" data-vce-element-content=\"true\" data-vce-do-apply=\"padding el-86f39cb3\"><div class=\"vce-row-container\"><div class=\"vce-row vce-row--col-gap-30 vce-row-columns--top vce-row-content--top\" id=\"el-5ae7e903\" data-vce-do-apply=\"all el-5ae7e903\"><div class=\"vce-row-content\" data-vce-element-content=\"true\"><div class=\"vce-col vce-col--md-auto vce-col--xs-1 vce-col--xs-last vce-col--xs-first vce-col--sm-last vce-col--sm-first vce-col--md-last vce-col--lg-last vce-col--xl-last vce-col--md-first vce-col--lg-first vce-col--xl-first\" id=\"el-50988bbd\"><div class=\"vce-col-inner\" data-vce-do-apply=\"border margin background  el-50988bbd\"><div class=\"vce-col-content\" data-vce-element-content=\"true\" data-vce-do-apply=\"padding el-50988bbd\"><div class=\"vce-text-block\"><div class=\"vce-text-block-wrapper vce\" id=\"el-0081e99b\" data-vce-do-apply=\"all el-0081e99b\"><h2><strong>Venha nosso colaborador e ganhe dinheiro conosco!<\/strong><\/h2>\n<p>Procuramos colaboradores motivados para o interno e externo.<\/p>\n<p><strong>Gosta da area dos SEGUROS, CR\u00c9DITOS e IMPOSTOS?<\/strong><\/p>\n<p>Envie-nos o seu curr\u00edculo, carta de apresenta\u00e7\u00e3o com diplomas e certificados de trabalho.<\/p>\n<p><span style=\"font-size: 14pt;\"><strong>Nes estamos a recrutar para:<\/strong><\/span><\/p><\/div><\/div><\/div><\/div><\/div><\/div><\/div><\/div><div class=\"vce-row-container\"><div class=\"vce-row vce-row--col-gap-30 vce-row-columns--top vce-row-content--top\" id=\"el-bd2512f2\" data-vce-do-apply=\"all el-bd2512f2\"><div class=\"vce-row-content\" data-vce-element-content=\"true\"><div class=\"vce-col vce-col--md-auto vce-col--xs-1 vce-col--xs-last vce-col--xs-first vce-col--sm-last vce-col--sm-first vce-col--md-first vce-col--lg-first vce-col--xl-first\" id=\"el-403f5fc2\"><div class=\"vce-col-inner\" data-vce-do-apply=\"border margin background  el-403f5fc2\"><div class=\"vce-col-content\" data-vce-element-content=\"true\" data-vce-do-apply=\"padding el-403f5fc2\"><div class=\"vce-text-block\"><div class=\"vce-text-block-wrapper vce\" id=\"el-a4ff94a6\" data-vce-do-apply=\"all el-a4ff94a6\"><h2><span style=\"font-size: 12pt;\"><span style=\"font-style: normal;\">Agentes e administrativos no interno e externo:<\/span><\/span><\/h2>\n<ul>\n<li>PT \/ FR&nbsp; - bil\u00edng\u00fce<\/li>\n<li>Forma\u00e7\u00e3o obrigat\u00f3ria em seguros.<\/li>\n<li>CFC \/ AFA<\/li>\n<li>3 anos de experi\u00eancia no m\u00ednimo<\/li>\n<\/ul><\/div><\/div><\/div><\/div><\/div><div class=\"vce-col vce-col--md-auto vce-col--xs-1 vce-col--xs-last vce-col--xs-first vce-col--sm-last vce-col--sm-first vce-col--md-last vce-col--lg-last vce-col--xl-last\" id=\"el-7762caec\"><div class=\"vce-col-inner\" data-vce-do-apply=\"border margin background  el-7762caec\"><div class=\"vce-col-content\" data-vce-element-content=\"true\" data-vce-do-apply=\"padding el-7762caec\"><div class=\"vce-text-block\"><div class=\"vce-text-block-wrapper vce\" id=\"el-7091583d\" data-vce-do-apply=\"all el-7091583d\"><p>Estagi\u00e1rio (a)&nbsp;<strong><br><\/strong><\/p>\n<ul>\n<li>Excelente comunica\u00e7\u00e3o<\/li>\n<li>Administra\u00e7\u00e3o e contabilidade<\/li>\n<li>Por um per\u00edodo m\u00ednimo de um ano<\/li>\n<\/ul><\/div><\/div><\/div><\/div><\/div><\/div><\/div><\/div><div class=\"vce-text-block\"><div class=\"vce-text-block-wrapper vce\" id=\"el-ba0e849f\" data-vce-do-apply=\"all el-ba0e849f\"><p>Oferecemos excelentes condi\u00e7\u00f5es de trabalho e remunera\u00e7\u00e3o atrativa de acordo com a fun\u00e7\u00e3o a desempenhar.<\/p><\/div><\/div><div class=\"vce-shortcode\"><div class=\"vce-shortcode-wrapper vce\" id=\"el-01cf9814\" data-vce-do-apply=\"all el-01cf9814\"><div role=\"form\" class=\"wpcf7\" id=\"wpcf7-f678-o1\" lang=\"fr-FR\" dir=\"ltr\">\n<div class=\"screen-reader-response\"><p role=\"status\" aria-live=\"polite\" aria-atomic=\"true\"><\/p> <ul><\/ul><\/div>\n<form action=\"\/pt-pt\/wp-json\/wp\/v2\/pages\/689#wpcf7-f678-o1\" method=\"post\" class=\"wpcf7-form init\" enctype=\"multipart\/form-data\" novalidate=\"novalidate\" data-status=\"init\">\n<div style=\"display: none;\">\n<input type=\"hidden\" name=\"_wpcf7\" value=\"678\" \/>\n<input type=\"hidden\" name=\"_wpcf7_version\" value=\"5.4\" \/>\n<input type=\"hidden\" name=\"_wpcf7_locale\" value=\"fr_FR\" \/>\n<input type=\"hidden\" name=\"_wpcf7_unit_tag\" value=\"wpcf7-f678-o1\" \/>\n<input type=\"hidden\" name=\"_wpcf7_container_post\" value=\"0\" \/>\n<input type=\"hidden\" name=\"_wpcf7_posted_data_hash\" value=\"\" \/>\n<input type=\"hidden\" name=\"_wpcf7cf_hidden_group_fields\" value=\"\" \/>\n<input type=\"hidden\" name=\"_wpcf7cf_hidden_groups\" value=\"\" \/>\n<input type=\"hidden\" name=\"_wpcf7cf_visible_groups\" value=\"\" \/>\n<input type=\"hidden\" name=\"_wpcf7cf_repeaters\" value=\"[]\" \/>\n<input type=\"hidden\" name=\"_wpcf7cf_steps\" value=\"{}\" \/>\n<input type=\"hidden\" name=\"_wpcf7cf_options\" value=\"{&quot;form_id&quot;:678,&quot;conditions&quot;:[],&quot;settings&quot;:{&quot;animation&quot;:&quot;yes&quot;,&quot;animation_intime&quot;:200,&quot;animation_outtime&quot;:200,&quot;conditions_ui&quot;:&quot;normal&quot;,&quot;notice_dismissed&quot;:false,&quot;regex_numeric&quot;:&quot;^[0-9]+$&quot;,&quot;regex_alphabetic&quot;:&quot;^[a-zA-Z]+$&quot;,&quot;regex_alphanumeric&quot;:&quot;^[a-zA-Z0-9]+$&quot;,&quot;regex_date&quot;:&quot;^(0?[1-9]|1[012])[- .](0?[1-9]|[12][0-9]|3[01])[- \\\/.](19|20)?[0-9]{2}$&quot;,&quot;regex_email&quot;:&quot;^[a-zA-Z0-9._%-]+@[a-zA-Z0-9.-]+.[a-zA-Z]{2,4}$&quot;,&quot;regex_numeric_label&quot;:&quot;numeric&quot;,&quot;regex_alphabetic_label&quot;:&quot;alphabetic&quot;,&quot;regex_alphanumeric_label&quot;:&quot;alphanumeric&quot;,&quot;regex_date_label&quot;:&quot;date&quot;,&quot;regex_email_label&quot;:&quot;email&quot;,&quot;regex_custom_1&quot;:&quot;&quot;,&quot;regex_custom_2&quot;:&quot;&quot;,&quot;regex_custom_3&quot;:&quot;&quot;,&quot;regex_custom_4&quot;:&quot;&quot;,&quot;regex_custom_5&quot;:&quot;&quot;,&quot;regex_custom_1_label&quot;:&quot;custom 1&quot;,&quot;regex_custom_2_label&quot;:&quot;custom 2&quot;,&quot;regex_custom_3_label&quot;:&quot;custom 3&quot;,&quot;regex_custom_4_label&quot;:&quot;custom 4&quot;,&quot;regex_custom_5_label&quot;:&quot;custom 5&quot;}}\" \/>\n<\/div>\n<div class=\"container\">\n<div class=\"row\">\n<div class=\"col-sm-12 col-md-4 mb-20\">\n<label>Voc\u00ea \u00e9<span style=\"color:#FF0000\">*<\/span><br \/>\n    <span class=\"wpcf7-form-control-wrap titre-civilite\"><select name=\"titre-civilite\" class=\"wpcf7-form-control wpcf7-select wpcf7-validates-as-required\" aria-required=\"true\" aria-invalid=\"false\"><option value=\"\">---<\/option><option value=\"Senhora\">Senhora<\/option><option value=\"Senhor\">Senhor<\/option><\/select><\/span><\/label>\n<\/div>\n<div class=\"col-sm-12 col-md-4 mb-20\">\n<label> Nome <span style=\"color:red\">*<\/span><br \/>\n    <span class=\"wpcf7-form-control-wrap your-name\"><input type=\"text\" name=\"your-name\" value=\"\" size=\"40\" class=\"wpcf7-form-control wpcf7-text wpcf7-validates-as-required\" aria-required=\"true\" aria-invalid=\"false\" \/><\/span> <\/label>\n<\/div>\n<div class=\"col-sm-12 col-md-4 mb-20\">\n<label> E-mail <span style=\"color:red\">*<\/span><br \/>\n<span class=\"wpcf7-form-control-wrap your-email\"><input type=\"email\" name=\"your-email\" value=\"\" size=\"40\" class=\"wpcf7-form-control wpcf7-text wpcf7-email wpcf7-validates-as-required wpcf7-validates-as-email\" aria-required=\"true\" aria-invalid=\"false\" \/><\/span> <\/label>\n<\/div>\n<div class=\"col-sm-12 col-md-6 mb-20\">\n<label> Assunto<br \/>\n    <span class=\"wpcf7-form-control-wrap your-subject\"><input type=\"text\" name=\"your-subject\" value=\"\" size=\"40\" class=\"wpcf7-form-control wpcf7-text\" aria-invalid=\"false\" \/><\/span> <\/label>\n<\/div>\n<div class=\"col-sm-12 col-md-6 mb-20\">\n<label> CV<span style=\"color:red\">*<\/span><br \/>\n<span class=\"wpcf7-form-control-wrap CV\"><input type=\"file\" name=\"CV\" size=\"40\" class=\"wpcf7-form-control wpcf7-file wpcf7-validates-as-required\" accept=\".jpg,.jpeg,.png,.gif,.pdf,.doc,.docx,.ppt,.pptx,.odt,.avi,.ogg,.m4a,.mov,.mp3,.mp4,.mpg,.wav,.wmv\" aria-required=\"true\" aria-invalid=\"false\" \/><\/span><\/label>\n<\/div>\n<div class=\"col-sm-12 col-md-8 mb-20\">\n<label> Mensagem<br \/>\n    <span class=\"wpcf7-form-control-wrap your-message\"><textarea name=\"your-message\" cols=\"40\" rows=\"10\" class=\"wpcf7-form-control wpcf7-textarea\" aria-invalid=\"false\"><\/textarea><\/span> <\/label>\n<\/div>\n<div class=\"col-sm-12 mb-20\">\n<div class=\"anr_captcha_field\"><div id=\"anr_captcha_field_1\" class=\"anr_captcha_field_div\"><input type=\"hidden\" name=\"g-recaptcha-response\" value=\"\" \/><\/div><\/div><span class=\"wpcf7-form-control-wrap g-recaptcha-response\"><\/span><br \/>\n<input type=\"submit\" value=\"Enviar\" class=\"wpcf7-form-control wpcf7-submit\" \/>\n<\/div>\n<div class=\"wpcf7-response-output\" aria-hidden=\"true\"><\/div><\/form><\/div><\/div><\/div><\/div><\/div><\/div><\/div><\/div><\/div>\n","protected":false},"excerpt":{"rendered":"<p>EmpregosVenha nosso colaborador e ganhe dinheiro conosco! Procuramos colaboradores motivados para o interno e externo. Gosta da area dos SEGUROS, CR\u00c9DITOS e IMPOSTOS? Envie-nos o seu curr\u00edculo, carta de apresenta\u00e7\u00e3o com diplomas e certificados de trabalho. Nes estamos a recrutar para:Agentes e administrativos no interno e externo: PT \/ FR&nbsp; &#8211; bil\u00edng\u00fce Forma\u00e7\u00e3o obrigat\u00f3ria em [&hellip;]<\/p>\n","protected":false},"author":1,"featured_media":0,"parent":0,"menu_order":0,"comment_status":"closed","ping_status":"closed","template":"","meta":[],"acf":[],"_links":{"self":[{"href":"https:\/\/credits-assurances.ch\/pt-pt\/wp-json\/wp\/v2\/pages\/689"}],"collection":[{"href":"https:\/\/credits-assurances.ch\/pt-pt\/wp-json\/wp\/v2\/pages"}],"about":[{"href":"https:\/\/credits-assurances.ch\/pt-pt\/wp-json\/wp\/v2\/types\/page"}],"author":[{"embeddable":true,"href":"https:\/\/credits-assurances.ch\/pt-pt\/wp-json\/wp\/v2\/users\/1"}],"replies":[{"embeddable":true,"href":"https:\/\/credits-assurances.ch\/pt-pt\/wp-json\/wp\/v2\/comments?post=689"}],"version-history":[{"count":10,"href":"https:\/\/credits-assurances.ch\/pt-pt\/wp-json\/wp\/v2\/pages\/689\/revisions"}],"predecessor-version":[{"id":781,"href":"https:\/\/credits-assurances.ch\/pt-pt\/wp-json\/wp\/v2\/pages\/689\/revisions\/781"}],"wp:attachment":[{"href":"https:\/\/credits-assurances.ch\/pt-pt\/wp-json\/wp\/v2\/media?parent=689"}],"curies":[{"name":"wp","href":"https:\/\/api.w.org\/{rel}","templated":true}]}}